{"id":72,"date":"2021-06-04T13:20:08","date_gmt":"2021-06-04T13:20:08","guid":{"rendered":"http:\/\/musavida.com\/pecheurs\/influences-espanol\/"},"modified":"2024-02-12T08:33:46","modified_gmt":"2024-02-12T08:33:46","slug":"origenes","status":"publish","type":"page","link":"https:\/\/musavida.com\/pecheurs\/es\/","title":{"rendered":"Origenes"},"content":{"rendered":"\n<div class=\"wp-block-media-text alignwide has-media-on-the-right is-stacked-on-mobile\"><div class=\"wp-block-media-text__content\">\n<p>El grupo&nbsp;<strong>P\u00eacheur de Perles<\/strong>&nbsp;(Pescadores de perlas) escogi\u00f3 este nombre para evocar el origen de su inspiraci\u00f3n: traer las perlas de oriente.<br>Desde siempre las m\u00fasicas del Golfo P\u00e9rsico, m\u00fasicas del borde del mar, se enriquecen con una multitud de influencias.<br>El grupo reconoce las especialidades de cada tradici\u00f3n musical, que van desde el Mediterr\u00e1neo hasta las puertas de la India, tomando cada una de ellas de una manera coherente.<\/p>\n<\/div><figure class=\"wp-block-media-text__media\"><a href=\"http:\/\/musavida.com\/pecheurs\/es\/musicos\/\"><img decoding=\"async\" src=\"http:\/\/musavida.com\/pecheurs\/wp-content\/uploads\/PhotoPecheurs2004-1024x768.jpg\" alt=\"\" class=\"wp-image-126 size-full\"\/><\/a><\/figure><\/div>\n\n\n\n<div class=\"wp-block-media-text alignwide has-media-on-the-right is-stacked-on-mobile\" style=\"grid-template-columns:auto 29%\"><div class=\"wp-block-media-text__content\">\n<h3 class=\"wp-block-heading\"><strong>Los origenes<\/strong><\/h3>\n\n\n\n<p>La pesca de las perlas, fue practicada desde la antig\u00fcedad en las costas del Golfo P\u00e9rsico (Iran, Irak, Kuwait, Y\u00e9men). Alrededor de esta actividad se form\u00f3 una cultura propia de los pescadores ; donde la m\u00fasica ten\u00eda un lugar primordial : en los barcos embarcaban pescadores y m\u00fasicos lado a lado. Estos \u00faltimos ten\u00edan la tarea de motivar y dar el ritmo a todas las etapas del trabajo en el mar.<br>Hoy, la pesca no existe, pero la m\u00fasica ha sobrevivido.<\/p>\n<\/div><figure class=\"wp-block-media-text__media\"><a href=\"http:\/\/musavida.com\/pecheurs\/es\/musicos\/\"><img loading=\"lazy\" decoding=\"async\" width=\"300\" height=\"249\" src=\"https:\/\/musavida.com\/pecheurs\/wp-content\/uploads\/pearl-divers-chants-300x249.jpg\" alt=\"\" class=\"wp-image-505 size-medium\" srcset=\"https:\/\/musavida.com\/pecheurs\/wp-content\/uploads\/pearl-divers-chants-300x249.jpg 300w, https:\/\/musavida.com\/pecheurs\/wp-content\/uploads\/pearl-divers-chants-1024x850.jpg 1024w, https:\/\/musavida.com\/pecheurs\/wp-content\/uploads\/pearl-divers-chants-768x637.jpg 768w, https:\/\/musavida.com\/pecheurs\/wp-content\/uploads\/pearl-divers-chants-1536x1275.jpg 1536w, https:\/\/musavida.com\/pecheurs\/wp-content\/uploads\/pearl-divers-chants.jpg 1692w\" sizes=\"auto, (max-width: 300px) 100vw, 300px\" \/><\/a><\/figure><\/div>\n\n\n\n<div class=\"wp-block-media-text alignwide has-media-on-the-right is-stacked-on-mobile\" style=\"grid-template-columns:auto 29%\"><div class=\"wp-block-media-text__content\">\n<h3 class=\"wp-block-heading\"><strong>Cr\u00e9ati\u00f3n<\/strong><\/h3>\n\n\n\n<p>El grupo no tiene como objetivo tocar las m\u00fasicas en un puro estilo tradicional, sino enriquecer este patrimonio, a trav\u00e9s de sus propios sentimientos. Ellos manifiestan una expresi\u00f3n propia, a partir de las composiciones de Mohamed Alnuma fundador del grupo.<br>Un verdadero trabajo de creaci\u00f3n que mana de sus b\u00fasquedas y conocimientos, y del aporte de las experiencias de cada uno de ellos.<br>Juntos, reinventan sus ra\u00edces.<\/p>\n<\/div><figure class=\"wp-block-media-text__media\"><a href=\"http:\/\/musavida.com\/pecheurs\/es\/musicos\/\"><img loading=\"lazy\" decoding=\"async\" width=\"300\" height=\"225\" src=\"https:\/\/musavida.com\/pecheurs\/wp-content\/uploads\/Pecheurs-creation-300x225.jpg\" alt=\"\" class=\"wp-image-506 size-medium\" srcset=\"https:\/\/musavida.com\/pecheurs\/wp-content\/uploads\/Pecheurs-creation-300x225.jpg 300w, https:\/\/musavida.com\/pecheurs\/wp-content\/uploads\/Pecheurs-creation-768x576.jpg 768w, https:\/\/musavida.com\/pecheurs\/wp-content\/uploads\/Pecheurs-creation.jpg 1024w\" sizes=\"auto, (max-width: 300px) 100vw, 300px\" \/><\/a><\/figure><\/div>\n\n\n\n<div class=\"wp-block-media-text alignwide has-media-on-the-right is-stacked-on-mobile\" style=\"grid-template-columns:auto 29%\"><div class=\"wp-block-media-text__content\">\n<h3 class=\"wp-block-heading\"><strong>Encuentro<\/strong><\/h3>\n\n\n\n<p>El prop\u00f3sito del grupo sale de un verdadero encuentro humano. Es intuitivo. De este encuentro de personas nace el deseo de un encuentro m\u00e1s amplio, de culturas y de pueblos.&nbsp;<br>Crear un puente entre oriente y occidente, es un medio de transmitir las ideas y los sentimientos de una cultura a la otra. La m\u00fasica no s\u00f3lo comunica las emociones, sino tambi\u00e9n los mensajes.<br>Los textos de las canciones de Mohamed Alnuma, provienen principalmente del poeta suf\u00ed All-Hallaj (857 \u2013 922) y dan un sentido que colorea y anima la interpretaci\u00f3n de los m\u00fasicos del grupo y los une en una intenci\u00f3n com\u00fan.<\/p>\n<\/div><figure class=\"wp-block-media-text__media\"><a href=\"http:\/\/musavida.com\/pecheurs\/es\/musicos\/\"><img loading=\"lazy\" decoding=\"async\" width=\"300\" height=\"285\" src=\"https:\/\/musavida.com\/pecheurs\/wp-content\/uploads\/Pecheurs-rencontre-300x285.jpg\" alt=\"\" class=\"wp-image-508 size-medium\" srcset=\"https:\/\/musavida.com\/pecheurs\/wp-content\/uploads\/Pecheurs-rencontre-300x285.jpg 300w, https:\/\/musavida.com\/pecheurs\/wp-content\/uploads\/Pecheurs-rencontre-1024x973.jpg 1024w, https:\/\/musavida.com\/pecheurs\/wp-content\/uploads\/Pecheurs-rencontre-768x730.jpg 768w, https:\/\/musavida.com\/pecheurs\/wp-content\/uploads\/Pecheurs-rencontre.jpg 1500w\" sizes=\"auto, (max-width: 300px) 100vw, 300px\" \/><\/a><\/figure><\/div>\n","protected":false},"excerpt":{"rendered":"<p>El grupo&nbsp;P\u00eacheur de Perles&nbsp;(Pescadores de perlas) escogi\u00f3 este nombre para evocar el origen de su inspiraci\u00f3n: traer las perlas de [&hellip;]<\/p>\n","protected":false},"author":1,"featured_media":0,"parent":0,"menu_order":0,"comment_status":"closed","ping_status":"closed","template":"","meta":{"site-sidebar-layout":"default","site-content-layout":"default","ast-site-content-layout":"default","site-content-style":"default","site-sidebar-style":"default","ast-global-header-display":"","ast-banner-title-visibility":"","ast-main-header-display":"","ast-hfb-above-header-display":"","ast-hfb-below-header-display":"","ast-hfb-mobile-header-display":"","site-post-title":"disabled","ast-breadcrumbs-content":"","ast-featured-img":"","footer-sml-layout":"","ast-disable-related-posts":"","theme-transparent-header-meta":"default","adv-header-id-meta":"","stick-header-meta":"","header-above-stick-meta":"","header-main-stick-meta":"","header-below-stick-meta":"","astra-migrate-meta-layouts":"default","ast-page-background-enabled":"default","ast-page-background-meta":{"desktop":{"background-color":"var(--ast-global-color-4)","background-image":"","background-repeat":"repeat","background-position":"center center","background-size":"auto","background-attachment":"scroll","background-type":"","background-media":"","overlay-type":"","overlay-color":"","overlay-opacity":"","overlay-gradient":""},"tablet":{"background-color":"","background-image":"","background-repeat":"repeat","background-position":"center center","background-size":"auto","background-attachment":"scroll","background-type":"","background-media":"","overlay-type":"","overlay-color":"","overlay-opacity":"","overlay-gradient":""},"mobile":{"background-color":"","background-image":"","background-repeat":"repeat","background-position":"center center","background-size":"auto","background-attachment":"scroll","background-type":"","background-media":"","overlay-type":"","overlay-color":"","overlay-opacity":"","overlay-gradient":""}},"ast-content-background-meta":{"desktop":{"background-color":"var(--ast-global-color-5)","background-image":"","background-repeat":"repeat","background-position":"center center","background-size":"auto","background-attachment":"scroll","background-type":"","background-media":"","overlay-type":"","overlay-color":"","overlay-opacity":"","overlay-gradient":""},"tablet":{"background-color":"var(--ast-global-color-5)","background-image":"","background-repeat":"repeat","background-position":"center center","background-size":"auto","background-attachment":"scroll","background-type":"","background-media":"","overlay-type":"","overlay-color":"","overlay-opacity":"","overlay-gradient":""},"mobile":{"background-color":"var(--ast-global-color-5)","background-image":"","background-repeat":"repeat","background-position":"center center","background-size":"auto","background-attachment":"scroll","background-type":"","background-media":"","overlay-type":"","overlay-color":"","overlay-opacity":"","overlay-gradient":""}},"footnotes":""},"class_list":["post-72","page","type-page","status-publish","hentry"],"_links":{"self":[{"href":"https:\/\/musavida.com\/pecheurs\/wp-json\/wp\/v2\/pages\/72","targetHints":{"allow":["GET"]}}],"collection":[{"href":"https:\/\/musavida.com\/pecheurs\/wp-json\/wp\/v2\/pages"}],"about":[{"href":"https:\/\/musavida.com\/pecheurs\/wp-json\/wp\/v2\/types\/page"}],"author":[{"embeddable":true,"href":"https:\/\/musavida.com\/pecheurs\/wp-json\/wp\/v2\/users\/1"}],"replies":[{"embeddable":true,"href":"https:\/\/musavida.com\/pecheurs\/wp-json\/wp\/v2\/comments?post=72"}],"version-history":[{"count":3,"href":"https:\/\/musavida.com\/pecheurs\/wp-json\/wp\/v2\/pages\/72\/revisions"}],"predecessor-version":[{"id":628,"href":"https:\/\/musavida.com\/pecheurs\/wp-json\/wp\/v2\/pages\/72\/revisions\/628"}],"wp:attachment":[{"href":"https:\/\/musavida.com\/pecheurs\/wp-json\/wp\/v2\/media?parent=72"}],"curies":[{"name":"wp","href":"https:\/\/api.w.org\/{rel}","templated":true}]}}