{"id":30,"date":"2021-06-04T09:07:27","date_gmt":"2021-06-04T09:07:27","guid":{"rendered":"http:\/\/musavida.com\/pecheurs\/?page_id=30"},"modified":"2024-03-03T05:27:15","modified_gmt":"2024-03-03T05:27:15","slug":"musique","status":"publish","type":"page","link":"https:\/\/musavida.com\/pecheurs\/fr\/musique\/","title":{"rendered":"Musique"},"content":{"rendered":"\n<div class=\"wp-block-columns is-layout-flex wp-container-core-columns-is-layout-28f84493 wp-block-columns-is-layout-flex\">\n<div class=\"wp-block-column is-layout-flow wp-block-column-is-layout-flow\">\n<figure class=\"wp-block-image aligncenter size-full is-resized\"><a href=\"http:\/\/musavida.com\/pecheurs\/fr\/wahed\/\"><img decoding=\"async\" src=\"http:\/\/musavida.com\/pecheurs\/wp-content\/uploads\/Pecheurs-Wahed.jpg\" alt=\"Pecheurs de Perles - Wahed Cd cover\" class=\"wp-image-278\"\/><\/a><\/figure>\n<\/div>\n\n\n\n<div class=\"wp-block-column is-layout-flow wp-block-column-is-layout-flow\">\n<pre class=\"wp-block-preformatted\" style=\"font-size:12px\"><strong>Mohamed Alnuma<\/strong> : chant, oud&nbsp;<br><strong>Olivier Milchberg<\/strong> : ney, bouzouki,&nbsp;c\u00fcmb\u00fc\u015f, cura saz,&nbsp;contrebasse&nbsp;<br><strong>Mathias Autexier<\/strong> : percussions, programmations<br><strong>Catherine Roy<\/strong> : accord\u00e9on&nbsp;<br><strong>Zhubin Kalhor<\/strong> : kamanche, percussions&nbsp;<br>Guests:&nbsp;<br><strong>Pascal Teiller<\/strong> : basse, contrebasse&nbsp;<br><strong>Herbert Koschmeider <\/strong>: saxophone (Aba\u00efda)&nbsp;<br><strong>Moneim Adwan<\/strong> : chant (Aba\u00efda, Chal chal)&nbsp;<br><strong>Abdeljalil<\/strong> : gembre, carcabas (Alsama)&nbsp;<br>Enregistrement, programmation, mix&nbsp;:<br>Olivier Milchberg, studio Muance&nbsp;<br>Mathias Autexier, studio des Billardes&nbsp;<br>Production&nbsp;: Muance \/ <a rel=\"noreferrer noopener\" href=\"http:\/\/www.musavida.com\" target=\"_blank\">Musavida<\/a> - Pecheurs de Perles<\/pre>\n<\/div>\n<\/div>\n\n\n\n<div class=\"wp-block-columns is-layout-flex wp-container-core-columns-is-layout-28f84493 wp-block-columns-is-layout-flex\">\n<div class=\"wp-block-column is-layout-flow wp-block-column-is-layout-flow\">\n<figure class=\"wp-block-image aligncenter size-full is-resized\" id=\"motayem\"><a href=\"http:\/\/musavida.com\/pecheurs\/fr\/motayem\/\"><img decoding=\"async\" src=\"http:\/\/musavida.com\/pecheurs\/wp-content\/uploads\/Pecheurs-Motayem.jpg\" alt=\"Pecheurs de Perles - Motayem Cd cover\" class=\"wp-image-277\"\/><\/a><\/figure>\n<\/div>\n\n\n\n<div class=\"wp-block-column is-layout-flow wp-block-column-is-layout-flow\">\n<pre class=\"wp-block-preformatted\" style=\"font-size:12px\"><strong>Mohamed Alnuma<\/strong> : chant, oud\n<strong>Moneim Adwan<\/strong> : chant, oud\u00a0\n<strong>Olivier Milchberg<\/strong> : ney, bouzouki,\u00a0c\u00fcmb\u00fc\u015f, cura saz,\u00a0contrebasse,\u00a0programmations\u00a0\n<strong>Mathias Autexier<\/strong> : percussions, programmations\n<strong>Catherine Roy<\/strong> : accord\u00e9on\u00a0\n<strong>Bijan Chemirani<\/strong> : percussions\u00a0\n<strong>Georges Mas<\/strong> : clarinette, sax\n<strong>Herbert Koschmeider<\/strong> : sax\u00a0\n<strong>L\u00e9onore Grollemund<\/strong> : violoncelle, kamanche\u00a0\n<strong>Udo Hennman<\/strong> : basse \nDirection artistique : Olivier Milchberg, Mohamed Alnuma\nEnregistrement, mix : studio Muance\nProduction\u00a0: Muance \/ <a href=\"http:\/\/www.musavida.com\" target=\"_blank\" rel=\"noreferrer noopener\">Musavida<\/a> - <a href=\"http:\/\/www.le-chantier.com\/\" target=\"_blank\" rel=\"noreferrer noopener\">Le Chantier<\/a>, Correns (83), France<\/pre>\n<\/div>\n<\/div>\n\n\n\n<div class=\"wp-block-columns is-layout-flex wp-container-core-columns-is-layout-28f84493 wp-block-columns-is-layout-flex\">\n<div class=\"wp-block-column is-layout-flow wp-block-column-is-layout-flow\">\n<figure class=\"wp-block-image aligncenter size-large is-resized\" id=\"madad\"><a href=\"http:\/\/musavida.com\/pecheurs\/fr\/madad\/\"><img decoding=\"async\" src=\"http:\/\/musavida.com\/pecheurs\/wp-content\/uploads\/Pecheurs-Madad.jpg\" alt=\"Pecheurs de Perles - Madad Cd cover\" class=\"wp-image-274\"\/><\/a><\/figure>\n<\/div>\n\n\n\n<div class=\"wp-block-column is-layout-flow wp-block-column-is-layout-flow\">\n<pre class=\"wp-block-preformatted\" style=\"font-size:12px\"><strong>Mohamed Alnuma<\/strong> : chant, oud, guitare\n<strong>Olivier Milchberg<\/strong> : bouzouki, flute bansouri,&nbsp;contrebase\n<strong>Mathias Autexier<\/strong> : zarb, derbouka, daf, bendir, udu, choeurs&nbsp;\n<strong>Catherine Roy<\/strong> : accord\u00e9on, choeurs\n<strong>Christian Zagaria<\/strong> : quinton d'amour, programmations\nEnregistrement, mix : Studio Muance, Studio Arts Immediats\nProduction&nbsp;: Muance \/ <a href=\"http:\/\/www.musavida.com\" target=\"_blank\" rel=\"noreferrer noopener\">Musavida<\/a> - Pecheurs de Perles\nLicence : Esengo \u2013 Editions Le mur du son, Marseille<\/pre>\n<\/div>\n<\/div>\n\n\n\n<hr class=\"wp-block-separator has-text-color has-css-opacity has-background is-style-wide\" style=\"background-color:#004d05;color:#004d05\"\/>\n\n\n\n<h3 class=\"wp-block-heading\">Autres projets<\/h3>\n\n\n\n<div class=\"wp-block-columns is-layout-flex wp-container-core-columns-is-layout-28f84493 wp-block-columns-is-layout-flex\">\n<div class=\"wp-block-column is-layout-flow wp-block-column-is-layout-flow\">\n<figure class=\"wp-block-image aligncenter size-full is-resized\" id=\"nawah\"><a href=\"http:\/\/musavida.com\/pecheurs\/fr\/nawah-fr\/\"><img decoding=\"async\" src=\"http:\/\/musavida.com\/pecheurs\/wp-content\/uploads\/Nawah.jpg\" alt=\"Nawah - Fran\u00e7oise Atlan - Moneim Adwan - CD cover\" class=\"wp-image-320\"\/><\/a><\/figure>\n<\/div>\n\n\n\n<div class=\"wp-block-column is-layout-flow wp-block-column-is-layout-flow\">\n<pre class=\"wp-block-preformatted\" style=\"font-size:12px\"><strong>Fran\u00e7oise Atlan&nbsp;<\/strong>: chant<br><strong>Moneim Adwan<\/strong>&nbsp;: chant, oud, saz, c\u00fcmbu\u015f<br><strong>Mathias Autexier<\/strong>&nbsp;: zarb, daf<br><strong>Olivier Milchberg<\/strong>&nbsp;: bouzouki, percussions<br>Direction artistique&nbsp;: <strong>Sami&nbsp;Sadak<\/strong>, <strong>Mohamed Alnuma<\/strong><br>Enregistrement, mix&nbsp;: Studio Muance, Olivier Milchberg<br>Production&nbsp;: Muance&nbsp;Productions (<a rel=\"noreferrer noopener\" href=\"http:\/\/www.musavida.com\" target=\"_blank\">Musavida<\/a>)&nbsp;\u2013&nbsp;<a rel=\"noreferrer noopener\" href=\"http:\/\/www.le-chantier.com\/\" target=\"_blank\">Le Chantier<\/a>, Correns (83), France<\/pre>\n<\/div>\n<\/div>\n","protected":false},"excerpt":{"rendered":"<p>Mohamed Alnuma : chant, oud&nbsp;Olivier Milchberg : ney, bouzouki,&nbsp;c\u00fcmb\u00fc\u015f, cura saz,&nbsp;contrebasse&nbsp;Mathias Autexier : percussions, programmationsCatherine Roy : accord\u00e9on&nbsp;Zhubin Kalhor : [&hellip;]<\/p>\n","protected":false},"author":1,"featured_media":0,"parent":0,"menu_order":0,"comment_status":"closed","ping_status":"closed","template":"","meta":{"site-sidebar-layout":"default","site-content-layout":"default","ast-site-content-layout":"default","site-content-style":"default","site-sidebar-style":"default","ast-global-header-display":"","ast-banner-title-visibility":"","ast-main-header-display":"","ast-hfb-above-header-display":"","ast-hfb-below-header-display":"","ast-hfb-mobile-header-display":"","site-post-title":"disabled","ast-breadcrumbs-content":"","ast-featured-img":"","footer-sml-layout":"","ast-disable-related-posts":"","theme-transparent-header-meta":"default","adv-header-id-meta":"","stick-header-meta":"","header-above-stick-meta":"","header-main-stick-meta":"","header-below-stick-meta":"","astra-migrate-meta-layouts":"default","ast-page-background-enabled":"default","ast-page-background-meta":{"desktop":{"background-color":"var(--ast-global-color-4)","background-image":"","background-repeat":"repeat","background-position":"center center","background-size":"auto","background-attachment":"scroll","background-type":"","background-media":"","overlay-type":"","overlay-color":"","overlay-opacity":"","overlay-gradient":""},"tablet":{"background-color":"","background-image":"","background-repeat":"repeat","background-position":"center center","background-size":"auto","background-attachment":"scroll","background-type":"","background-media":"","overlay-type":"","overlay-color":"","overlay-opacity":"","overlay-gradient":""},"mobile":{"background-color":"","background-image":"","background-repeat":"repeat","background-position":"center center","background-size":"auto","background-attachment":"scroll","background-type":"","background-media":"","overlay-type":"","overlay-color":"","overlay-opacity":"","overlay-gradient":""}},"ast-content-background-meta":{"desktop":{"background-color":"var(--ast-global-color-5)","background-image":"","background-repeat":"repeat","background-position":"center center","background-size":"auto","background-attachment":"scroll","background-type":"","background-media":"","overlay-type":"","overlay-color":"","overlay-opacity":"","overlay-gradient":""},"tablet":{"background-color":"var(--ast-global-color-5)","background-image":"","background-repeat":"repeat","background-position":"center center","background-size":"auto","background-attachment":"scroll","background-type":"","background-media":"","overlay-type":"","overlay-color":"","overlay-opacity":"","overlay-gradient":""},"mobile":{"background-color":"var(--ast-global-color-5)","background-image":"","background-repeat":"repeat","background-position":"center center","background-size":"auto","background-attachment":"scroll","background-type":"","background-media":"","overlay-type":"","overlay-color":"","overlay-opacity":"","overlay-gradient":""}},"footnotes":""},"class_list":["post-30","page","type-page","status-publish","hentry"],"_links":{"self":[{"href":"https:\/\/musavida.com\/pecheurs\/wp-json\/wp\/v2\/pages\/30","targetHints":{"allow":["GET"]}}],"collection":[{"href":"https:\/\/musavida.com\/pecheurs\/wp-json\/wp\/v2\/pages"}],"about":[{"href":"https:\/\/musavida.com\/pecheurs\/wp-json\/wp\/v2\/types\/page"}],"author":[{"embeddable":true,"href":"https:\/\/musavida.com\/pecheurs\/wp-json\/wp\/v2\/users\/1"}],"replies":[{"embeddable":true,"href":"https:\/\/musavida.com\/pecheurs\/wp-json\/wp\/v2\/comments?post=30"}],"version-history":[{"count":3,"href":"https:\/\/musavida.com\/pecheurs\/wp-json\/wp\/v2\/pages\/30\/revisions"}],"predecessor-version":[{"id":684,"href":"https:\/\/musavida.com\/pecheurs\/wp-json\/wp\/v2\/pages\/30\/revisions\/684"}],"wp:attachment":[{"href":"https:\/\/musavida.com\/pecheurs\/wp-json\/wp\/v2\/media?parent=30"}],"curies":[{"name":"wp","href":"https:\/\/api.w.org\/{rel}","templated":true}]}}