{"id":176,"date":"2021-06-06T13:09:11","date_gmt":"2021-06-06T13:09:11","guid":{"rendered":"http:\/\/musavida.com\/pecheurs\/?page_id=176"},"modified":"2024-03-03T05:28:46","modified_gmt":"2024-03-03T05:28:46","slug":"musica","status":"publish","type":"page","link":"https:\/\/musavida.com\/pecheurs\/es\/musica\/","title":{"rendered":"Musica"},"content":{"rendered":"\n<div class=\"wp-block-columns is-layout-flex wp-container-core-columns-is-layout-28f84493 wp-block-columns-is-layout-flex\">\n<div class=\"wp-block-column is-layout-flow wp-block-column-is-layout-flow\">\n<figure class=\"wp-block-image aligncenter size-large is-resized\"><a href=\"http:\/\/musavida.com\/pecheurs\/es\/wahed-es\/\"><img decoding=\"async\" src=\"http:\/\/musavida.com\/pecheurs\/wp-content\/uploads\/Pecheurs-Wahed.jpg\" alt=\"Pecheurs de Perles - Wahed Cd cover\" class=\"wp-image-278\"\/><\/a><\/figure>\n<\/div>\n\n\n\n<div class=\"wp-block-column is-layout-flow wp-block-column-is-layout-flow\">\n<pre class=\"wp-block-preformatted\" style=\"font-size:12px\"><strong>Mohamed Alnuma<\/strong> : canto,oud&nbsp;\n<strong>Olivier Milchberg<\/strong> : ney, bouzouki,&nbsp;c\u00fcmb\u00fc\u015f, saz,&nbsp;contrabajo&nbsp;\n<strong>Mathias Autexier<\/strong> : percusiones, programaci\u00f3n\n<strong>Catherine Roy<\/strong> : accorde\u00f3n&nbsp;\n<strong>Zhubin Kalhor<\/strong> : kamanche, percusiones&nbsp;\nM\u00fasicos invitados:&nbsp;\n<strong>Pascal Teiller<\/strong> : bajo, contrabajo&nbsp;\n<strong>Herbert Koschmeider <\/strong>: saxof\u00f3n (Aba\u00efda)&nbsp;\n<strong>Moneim Adwan<\/strong> : canto (Aba\u00efda, Chal chal)&nbsp;\n<strong>Abdeljalil<\/strong> : gembre, carcabas (Alsama)&nbsp;\nGrabaci\u00f3n, programaci\u00f3n, mix&nbsp;:\nOlivier Milchberg, studio Muance&nbsp;\nMathias Autexier, studio des Billardes&nbsp;\nProducci\u00f3n&nbsp;: Muance \/ <a rel=\"noreferrer noopener\" href=\"http:\/\/www.musavida.com\" target=\"_blank\">Musavida<\/a> - Pecheurs de Perles<\/pre>\n<\/div>\n<\/div>\n\n\n\n<div class=\"wp-block-columns is-layout-flex wp-container-core-columns-is-layout-28f84493 wp-block-columns-is-layout-flex\">\n<div class=\"wp-block-column is-layout-flow wp-block-column-is-layout-flow\">\n<figure class=\"wp-block-image aligncenter size-large is-resized\" id=\"motayem\"><a href=\"http:\/\/musavida.com\/pecheurs\/es\/motayem-es\/\"><img decoding=\"async\" src=\"http:\/\/musavida.com\/pecheurs\/wp-content\/uploads\/Pecheurs-Motayem.jpg\" alt=\"Pecheurs de Perles - Motayem Cd cover\" class=\"wp-image-277\"\/><\/a><\/figure>\n<\/div>\n\n\n\n<div class=\"wp-block-column is-layout-flow wp-block-column-is-layout-flow\">\n<pre class=\"wp-block-preformatted\" style=\"font-size:12px\"><strong>Mohamed Alnuma<\/strong> : canto, oud\n<strong>Moneim Adwan<\/strong> : canto, oud\u00a0\n<strong>Olivier Milchberg<\/strong> : ney, bouzouki,\u00a0c\u00fcmb\u00fc\u015f, saz,\u00a0contrabajo,\u00a0programaci\u00f3n\u00a0\n<strong>Mathias Autexier<\/strong> : percusiones, programaci\u00f3n\n<strong>Catherine Roy<\/strong> : accorde\u00f3n\u00a0\n<strong>Bijan Chemirani<\/strong> : percusiones\u00a0\n<strong>Georges Mas<\/strong> : clarinete, saxof\u00f3n\n<strong>Herbert Koschmeider<\/strong> : saxof\u00f3n\u00a0\n<strong>L\u00e9onore Grollemund<\/strong> : violonchelo, kamanche\u00a0\n<strong>Udo Hennman<\/strong> : bajo \nDirecci\u00f3n art\u00edstica: Olivier Milchberg, Mohamed Alnuma\nGrabaci\u00f3n, mix : studio Muance\nProducci\u00f3n\u00a0: Muance \/ <a href=\"http:\/\/www.musavida.com\" target=\"_blank\" rel=\"noreferrer noopener\">Musavida<\/a> - <a href=\"http:\/\/www.le-chantier.com\/\" target=\"_blank\" rel=\"noreferrer noopener\">Le Chantier<\/a>, Correns (83), France<\/pre>\n<\/div>\n<\/div>\n\n\n\n<div class=\"wp-block-columns is-layout-flex wp-container-core-columns-is-layout-28f84493 wp-block-columns-is-layout-flex\">\n<div class=\"wp-block-column is-layout-flow wp-block-column-is-layout-flow\">\n<figure class=\"wp-block-image aligncenter size-large is-resized\" id=\"madad\"><a href=\"http:\/\/musavida.com\/pecheurs\/es\/madad-es\/\"><img decoding=\"async\" src=\"http:\/\/musavida.com\/pecheurs\/wp-content\/uploads\/Pecheurs-Madad.jpg\" alt=\"Pecheurs de Perles - Madad Cd cover\" class=\"wp-image-274\"\/><\/a><\/figure>\n<\/div>\n\n\n\n<div class=\"wp-block-column is-layout-flow wp-block-column-is-layout-flow\">\n<pre class=\"wp-block-preformatted\" style=\"font-size:12px\"><strong>Mohamed Alnuma<\/strong> : canto, oud, guitarra\n<strong>Olivier Milchberg<\/strong> : bouzouki, flauta bansouri,&nbsp;contrabajo\n<strong>Mathias Autexier<\/strong> : zarb, derbouka, daf, bendir, udu, coros&nbsp;\n<strong>Catherine Roy<\/strong> : accorde\u00f3n, coros\n<strong>Christian Zagaria<\/strong> : quinton d'amour, programaci\u00f3n\nGrabaci\u00f3n, mix : Studio Muance, Studio Arts Immediats\nProducci\u00f3n&nbsp;: Muance \/ <a href=\"http:\/\/www.musavida.com\" target=\"_blank\" rel=\"noreferrer noopener\">Musavida<\/a> - Pecheurs de Perles\nLicencing : Esengo \u2013 Editions Le mur du son, Marseille<\/pre>\n<\/div>\n<\/div>\n\n\n\n<hr class=\"wp-block-separator has-text-color has-css-opacity has-background is-style-wide\" style=\"background-color:#004d05;color:#004d05\"\/>\n\n\n\n<h3 class=\"wp-block-heading\">Otros proyectos<\/h3>\n\n\n\n<div class=\"wp-block-columns is-layout-flex wp-container-core-columns-is-layout-28f84493 wp-block-columns-is-layout-flex\">\n<div class=\"wp-block-column is-layout-flow wp-block-column-is-layout-flow\">\n<figure class=\"wp-block-image aligncenter size-large is-resized\" id=\"nawah\"><a href=\"http:\/\/musavida.com\/pecheurs\/es\/nawah-es\/\"><img decoding=\"async\" src=\"http:\/\/musavida.com\/pecheurs\/wp-content\/uploads\/Nawah.jpg\" alt=\"Nawah - Fran\u00e7oise Atlan - Moneim Adwan - CD cover\" class=\"wp-image-320\"\/><\/a><\/figure>\n<\/div>\n\n\n\n<div class=\"wp-block-column is-layout-flow wp-block-column-is-layout-flow\">\n<pre class=\"wp-block-preformatted\" style=\"font-size:12px\"><strong>Fran\u00e7oise Atlan&nbsp;<\/strong>: canto\n<strong>Moneim Adwan<\/strong>&nbsp;: canto, oud, saz, c\u00fcmbu\u015f\n<strong>Mathias Autexier<\/strong>&nbsp;: zarb, daf\n<strong>Olivier Milchberg<\/strong>&nbsp;: bouzouki, percusiones\nDirecci\u00f3n art\u00edstica&nbsp;: <strong>Sami&nbsp;Sadak<\/strong>, <strong>Mohamed Alnuma<\/strong>\nGrabaci\u00f3n, mix&nbsp;: Studio Muance, Olivier Milchberg\nProducci\u00f3n&nbsp;: Muance&nbsp;Productions (<a rel=\"noreferrer noopener\" href=\"http:\/\/www.musavida.com\" target=\"_blank\">Musavida<\/a>)&nbsp;\u2013&nbsp;<a rel=\"noreferrer noopener\" href=\"http:\/\/www.le-chantier.com\/\" target=\"_blank\">Le Chantier<\/a>, Correns (83), France<\/pre>\n<\/div>\n<\/div>\n","protected":false},"excerpt":{"rendered":"<p>Mohamed Alnuma : canto,oud&nbsp; Olivier Milchberg : ney, bouzouki,&nbsp;c\u00fcmb\u00fc\u015f, saz,&nbsp;contrabajo&nbsp; Mathias Autexier : percusiones, programaci\u00f3n Catherine Roy : accorde\u00f3n&nbsp; Zhubin [&hellip;]<\/p>\n","protected":false},"author":1,"featured_media":0,"parent":0,"menu_order":0,"comment_status":"closed","ping_status":"closed","template":"","meta":{"site-sidebar-layout":"default","site-content-layout":"default","ast-site-content-layout":"default","site-content-style":"default","site-sidebar-style":"default","ast-global-header-display":"","ast-banner-title-visibility":"","ast-main-header-display":"","ast-hfb-above-header-display":"","ast-hfb-below-header-display":"","ast-hfb-mobile-header-display":"","site-post-title":"disabled","ast-breadcrumbs-content":"","ast-featured-img":"","footer-sml-layout":"","ast-disable-related-posts":"","theme-transparent-header-meta":"default","adv-header-id-meta":"","stick-header-meta":"","header-above-stick-meta":"","header-main-stick-meta":"","header-below-stick-meta":"","astra-migrate-meta-layouts":"default","ast-page-background-enabled":"default","ast-page-background-meta":{"desktop":{"background-color":"var(--ast-global-color-4)","background-image":"","background-repeat":"repeat","background-position":"center center","background-size":"auto","background-attachment":"scroll","background-type":"","background-media":"","overlay-type":"","overlay-color":"","overlay-opacity":"","overlay-gradient":""},"tablet":{"background-color":"","background-image":"","background-repeat":"repeat","background-position":"center center","background-size":"auto","background-attachment":"scroll","background-type":"","background-media":"","overlay-type":"","overlay-color":"","overlay-opacity":"","overlay-gradient":""},"mobile":{"background-color":"","background-image":"","background-repeat":"repeat","background-position":"center center","background-size":"auto","background-attachment":"scroll","background-type":"","background-media":"","overlay-type":"","overlay-color":"","overlay-opacity":"","overlay-gradient":""}},"ast-content-background-meta":{"desktop":{"background-color":"var(--ast-global-color-5)","background-image":"","background-repeat":"repeat","background-position":"center center","background-size":"auto","background-attachment":"scroll","background-type":"","background-media":"","overlay-type":"","overlay-color":"","overlay-opacity":"","overlay-gradient":""},"tablet":{"background-color":"var(--ast-global-color-5)","background-image":"","background-repeat":"repeat","background-position":"center center","background-size":"auto","background-attachment":"scroll","background-type":"","background-media":"","overlay-type":"","overlay-color":"","overlay-opacity":"","overlay-gradient":""},"mobile":{"background-color":"var(--ast-global-color-5)","background-image":"","background-repeat":"repeat","background-position":"center center","background-size":"auto","background-attachment":"scroll","background-type":"","background-media":"","overlay-type":"","overlay-color":"","overlay-opacity":"","overlay-gradient":""}},"footnotes":""},"class_list":["post-176","page","type-page","status-publish","hentry"],"_links":{"self":[{"href":"https:\/\/musavida.com\/pecheurs\/wp-json\/wp\/v2\/pages\/176","targetHints":{"allow":["GET"]}}],"collection":[{"href":"https:\/\/musavida.com\/pecheurs\/wp-json\/wp\/v2\/pages"}],"about":[{"href":"https:\/\/musavida.com\/pecheurs\/wp-json\/wp\/v2\/types\/page"}],"author":[{"embeddable":true,"href":"https:\/\/musavida.com\/pecheurs\/wp-json\/wp\/v2\/users\/1"}],"replies":[{"embeddable":true,"href":"https:\/\/musavida.com\/pecheurs\/wp-json\/wp\/v2\/comments?post=176"}],"version-history":[{"count":4,"href":"https:\/\/musavida.com\/pecheurs\/wp-json\/wp\/v2\/pages\/176\/revisions"}],"predecessor-version":[{"id":686,"href":"https:\/\/musavida.com\/pecheurs\/wp-json\/wp\/v2\/pages\/176\/revisions\/686"}],"wp:attachment":[{"href":"https:\/\/musavida.com\/pecheurs\/wp-json\/wp\/v2\/media?parent=176"}],"curies":[{"name":"wp","href":"https:\/\/api.w.org\/{rel}","templated":true}]}}