{"id":152,"date":"2021-06-06T12:10:58","date_gmt":"2021-06-06T12:10:58","guid":{"rendered":"http:\/\/musavida.com\/pecheurs\/?page_id=152"},"modified":"2025-03-24T15:45:58","modified_gmt":"2025-03-24T15:45:58","slug":"musicos","status":"publish","type":"page","link":"https:\/\/musavida.com\/pecheurs\/es\/musicos\/","title":{"rendered":"Musicos"},"content":{"rendered":"\n<div class=\"wp-block-media-text alignwide has-media-on-the-right is-stacked-on-mobile\" style=\"grid-template-columns:auto 32%\" id=\"alnuma\"><div class=\"wp-block-media-text__content\">\n<h2 class=\"wp-block-heading\">Mohamed Alnuma<\/h2>\n\n\n\n<p>Canto, oud<br>Deja su pa\u00eds, Irak, a los 17.<br>En Europa estudia la guitarra jazz, antes de reencontrarse con sus propias ra\u00edces, la m\u00fasica de los pescadores de perlas del golfo p\u00e9rsico.<br>A partir de 1990 se dedica a tocar el oud y al canto tradicional, y funda en 1997 el conjunto Pescadores de perlas. Interpreta cantos y canciones tradicionales y melod\u00edas que compone sobre textos sufis medievales (Al-Hallaj, 857-922), siguiendo como idea maestra el encuentro y el di\u00e1logo entre Oriente y Occidente.<br><a href=\"https:\/\/soundsofsociety.in\/release\/mohamed-alnuma\/\" target=\"_blank\" rel=\"noreferrer noopener\">https:\/\/soundsofsociety.in\/release\/mohamed-alnuma\/<\/a><\/p>\n<\/div><figure class=\"wp-block-media-text__media\"><img decoding=\"async\" src=\"http:\/\/musavida.com\/pecheurs\/wp-content\/uploads\/Mohamed-Alnuma-portrait-Barcelona.jpg\" alt=\"Mohamed Alnuma, voice, oud\" class=\"wp-image-127 size-full\"\/><\/figure><\/div>\n\n\n\n<div class=\"wp-block-media-text alignwide has-media-on-the-right is-stacked-on-mobile\" style=\"grid-template-columns:auto 32%\" id=\"milchberg\"><div class=\"wp-block-media-text__content\">\n<h2 class=\"wp-block-heading\">Olivier Milchberg<\/h2>\n\n\n\n<p>Bouzouki, ney, flautas, \u00e7\u00fcmb\u00fcs (banjo turco), cura saz<br>Nacido en Francia, de or\u00edgenes jud\u00edas y argentinas.&nbsp;<br>Tras un largo recorrido a trav\u00e9s las m\u00fasicas tradicionales de distintos pa\u00edses c\u00f3mo m\u00fasico y productor (Muance Productions \/ <a href=\"http:\/\/www.musavida.com\" target=\"_blank\" rel=\"noreferrer noopener\">Musavida<\/a>), se apasiona por las m\u00fasicas turcas y de oriente medio.&nbsp;<br>Se junta a Pescadores de perlas en 1999, como instrumentista y arreglador.&nbsp;<br>Sus proyectos valorizan tanto lo art\u00edstico como lo humano : \u00abLa m\u00fasica es un idioma que atraviesa las fronteras f\u00edsicas, sociales y religiosas.\u00bb<br><a rel=\"noreferrer noopener\" href=\"http:\/\/www.olimilch.com\" target=\"_blank\">www.olimilch.com<\/a><\/p>\n<\/div><figure class=\"wp-block-media-text__media\"><img decoding=\"async\" src=\"http:\/\/musavida.com\/pecheurs\/wp-content\/uploads\/Olivier-portrait-Correns.jpg\" alt=\"Olivier Milchberg, cura saz\" class=\"wp-image-129 size-full\"\/><\/figure><\/div>\n\n\n\n<div class=\"wp-block-media-text alignwide has-media-on-the-right is-stacked-on-mobile\" style=\"grid-template-columns:auto 32%\" id=\"Autexier\"><div class=\"wp-block-media-text__content\">\n<h2 class=\"wp-block-heading\">Mathias Autexier<\/h2>\n\n\n\n<p>Percusiones (zarb, darbuka, daf)<br>Ha nacido y vive en el sur-este de Francia.<br>Se inicia a la t\u00e9cnica del zarb (percusi\u00f3n iran\u00ed) con Keyvan y Djamchid Chemirani, ense\u00f1ado de modo tradicional, no escrito. Luego adapta la t\u00e9cnica digital del zarb a la darbuka y a otras percusiones.<br>Apasionado por las percusiones orientales se dedica a tocar diferentes ritmos turcos, griegos, magreb\u00ed, persas, y se inspira de estas tradiciones para desarrollar su propio fraseado musical.<br><a href=\"https:\/\/musavida.com\/aol\/musiciens\/mathias-autexier\/\" target=\"_blank\" rel=\"noreferrer noopener\">Bissap<\/a><\/p>\n<\/div><figure class=\"wp-block-media-text__media\"><img decoding=\"async\" src=\"http:\/\/musavida.com\/pecheurs\/wp-content\/uploads\/Mathias-Autexier-Bath-2006-2-1024x864.jpg\" alt=\"Mathias Autexier, percussion\" class=\"wp-image-134 size-full\"\/><\/figure><\/div>\n\n\n\n<div class=\"wp-block-media-text alignwide has-media-on-the-right is-stacked-on-mobile\" style=\"grid-template-columns:auto 32%\" id=\"roy\"><div class=\"wp-block-media-text__content\">\n<h2 class=\"wp-block-heading\">Catherine Roy<\/h2>\n\n\n\n<p>Accorde\u00f3n<br>Se forma en piano cl\u00e1sico durante diez a\u00f1os en el conservatorio de Nancy. Luego se interesa por las m\u00fasicas tradicionales, donde encuentra m\u00e1s libertad y espontaneidad.<br>Se ve naturalmente atra\u00edda por la m\u00fasica Klezmer y el acorde\u00f3n crom\u00e1tico, luego por las m\u00fasicas y danzas tradicionales del Este.&nbsp;<br>Su encuentro con Mohamed Alnuma es lo que dar\u00e1 luz al toque caracter\u00edstico de Pescadores de perlas : encuentro Oriente \u2013 Occidente, de las tradiciones jud\u00edas y \u00e1rabes, de lo masculino y de lo femenino.<\/p>\n<\/div><figure class=\"wp-block-media-text__media\"><img decoding=\"async\" src=\"http:\/\/musavida.com\/pecheurs\/wp-content\/uploads\/Catherine-Roy-portrait-barcelona.jpg\" alt=\"Catherine Roy, accordion\" class=\"wp-image-137 size-full\"\/><\/figure><\/div>\n\n\n\n<h2 class=\"wp-block-heading\">Musicos invitados<\/h2>\n\n\n\n<div class=\"wp-block-media-text has-media-on-the-right is-stacked-on-mobile\" style=\"grid-template-columns:auto 33%\"><div class=\"wp-block-media-text__content\">\n<h3 class=\"wp-block-heading\">Christian Zagaria<\/h3>\n\n\n\n<p>Quinton, arreglos &#8211; Album Madad<\/p>\n<\/div><figure class=\"wp-block-media-text__media\"><img decoding=\"async\" src=\"http:\/\/musavida.com\/pecheurs\/wp-content\/uploads\/Pecheurs-Zagaria.jpg\" alt=\"\" class=\"wp-image-251 size-full\"\/><\/figure><\/div>\n\n\n\n<div class=\"wp-block-media-text has-media-on-the-right is-stacked-on-mobile\" style=\"grid-template-columns:auto 33%\"><div class=\"wp-block-media-text__content\">\n<h3 class=\"wp-block-heading\">Moneim Adwan<\/h3>\n\n\n\n<p>Canto, oud &#8211; Album Motayem<\/p>\n<\/div><figure class=\"wp-block-media-text__media\"><img decoding=\"async\" src=\"http:\/\/musavida.com\/pecheurs\/wp-content\/uploads\/Pecheurs-Moneim-Adwan.jpg\" alt=\"\" class=\"wp-image-250 size-full\"\/><\/figure><\/div>\n\n\n\n<div class=\"wp-block-media-text has-media-on-the-right is-stacked-on-mobile\" style=\"grid-template-columns:auto 33%\"><div class=\"wp-block-media-text__content\">\n<h3 class=\"wp-block-heading\">Zhubin Kalhor<\/h3>\n\n\n\n<p>Kamanch\u00e9, percusiones &#8211; Albums Motayem, Wahed<\/p>\n<\/div><figure class=\"wp-block-media-text__media\"><img decoding=\"async\" src=\"http:\/\/musavida.com\/pecheurs\/wp-content\/uploads\/Pecheurs-Kalhor.jpg\" alt=\"\" class=\"wp-image-249 size-full\"\/><\/figure><\/div>\n\n\n\n<div class=\"wp-block-media-text has-media-on-the-right is-stacked-on-mobile\" style=\"grid-template-columns:auto 33%\"><div class=\"wp-block-media-text__content\">\n<h3 class=\"wp-block-heading\">Bijan Chemirani<\/h3>\n\n\n\n<p>Percusiones &#8211; Album Motayem<\/p>\n<\/div><figure class=\"wp-block-media-text__media\"><img decoding=\"async\" src=\"http:\/\/musavida.com\/pecheurs\/wp-content\/uploads\/Bijan-Chemirani.jpg\" alt=\"\" class=\"wp-image-255 size-full\"\/><\/figure><\/div>\n\n\n\n<div class=\"wp-block-media-text has-media-on-the-right is-stacked-on-mobile\" style=\"grid-template-columns:auto 33%\" id=\"atlan\"><div class=\"wp-block-media-text__content\">\n<h3 class=\"wp-block-heading\">Pascal Tellier<\/h3>\n\n\n\n<p>Bajo &#8211; Album Wahed<\/p>\n<\/div><figure class=\"wp-block-media-text__media\"><img decoding=\"async\" src=\"http:\/\/musavida.com\/pecheurs\/wp-content\/uploads\/Pecheurs-Tellier.jpg\" alt=\"\" class=\"wp-image-248 size-full\"\/><\/figure><\/div>\n\n\n\n<div class=\"wp-block-media-text has-media-on-the-right is-stacked-on-mobile\" style=\"grid-template-columns:auto 33%\"><div class=\"wp-block-media-text__content\">\n<h3 class=\"wp-block-heading\">Herbert Koschmeider<\/h3>\n\n\n\n<p>Sax &#8211; Albums Motayem, Wahed<\/p>\n<\/div><figure class=\"wp-block-media-text__media\"><img decoding=\"async\" src=\"http:\/\/musavida.com\/pecheurs\/wp-content\/uploads\/Pecheurs-Istanbul.jpg\" alt=\"\" class=\"wp-image-257 size-full\"\/><\/figure><\/div>\n\n\n\n<div class=\"wp-block-media-text has-media-on-the-right is-stacked-on-mobile\" style=\"grid-template-columns:auto 33%\"><div class=\"wp-block-media-text__content\">\n<h3 class=\"wp-block-heading\">Fran\u00e7oise Atlan<\/h3>\n\n\n\n<p>Canto &#8211; Album Nawah<\/p>\n<\/div><figure class=\"wp-block-media-text__media\"><img decoding=\"async\" src=\"http:\/\/musavida.com\/pecheurs\/wp-content\/uploads\/Pecheurs-Atlan.jpg\" alt=\"\" class=\"wp-image-246 size-full\"\/><\/figure><\/div>\n","protected":false},"excerpt":{"rendered":"<p>Mohamed Alnuma Canto, oudDeja su pa\u00eds, Irak, a los 17.En Europa estudia la guitarra jazz, antes de reencontrarse con sus [&hellip;]<\/p>\n","protected":false},"author":1,"featured_media":0,"parent":0,"menu_order":0,"comment_status":"closed","ping_status":"closed","template":"","meta":{"site-sidebar-layout":"default","site-content-layout":"default","ast-site-content-layout":"default","site-content-style":"default","site-sidebar-style":"default","ast-global-header-display":"","ast-banner-title-visibility":"","ast-main-header-display":"","ast-hfb-above-header-display":"","ast-hfb-below-header-display":"","ast-hfb-mobile-header-display":"","site-post-title":"disabled","ast-breadcrumbs-content":"","ast-featured-img":"","footer-sml-layout":"","ast-disable-related-posts":"","theme-transparent-header-meta":"default","adv-header-id-meta":"","stick-header-meta":"","header-above-stick-meta":"","header-main-stick-meta":"","header-below-stick-meta":"","astra-migrate-meta-layouts":"default","ast-page-background-enabled":"default","ast-page-background-meta":{"desktop":{"background-color":"var(--ast-global-color-4)","background-image":"","background-repeat":"repeat","background-position":"center center","background-size":"auto","background-attachment":"scroll","background-type":"","background-media":"","overlay-type":"","overlay-color":"","overlay-opacity":"","overlay-gradient":""},"tablet":{"background-color":"","background-image":"","background-repeat":"repeat","background-position":"center center","background-size":"auto","background-attachment":"scroll","background-type":"","background-media":"","overlay-type":"","overlay-color":"","overlay-opacity":"","overlay-gradient":""},"mobile":{"background-color":"","background-image":"","background-repeat":"repeat","background-position":"center center","background-size":"auto","background-attachment":"scroll","background-type":"","background-media":"","overlay-type":"","overlay-color":"","overlay-opacity":"","overlay-gradient":""}},"ast-content-background-meta":{"desktop":{"background-color":"var(--ast-global-color-5)","background-image":"","background-repeat":"repeat","background-position":"center center","background-size":"auto","background-attachment":"scroll","background-type":"","background-media":"","overlay-type":"","overlay-color":"","overlay-opacity":"","overlay-gradient":""},"tablet":{"background-color":"var(--ast-global-color-5)","background-image":"","background-repeat":"repeat","background-position":"center center","background-size":"auto","background-attachment":"scroll","background-type":"","background-media":"","overlay-type":"","overlay-color":"","overlay-opacity":"","overlay-gradient":""},"mobile":{"background-color":"var(--ast-global-color-5)","background-image":"","background-repeat":"repeat","background-position":"center center","background-size":"auto","background-attachment":"scroll","background-type":"","background-media":"","overlay-type":"","overlay-color":"","overlay-opacity":"","overlay-gradient":""}},"footnotes":""},"class_list":["post-152","page","type-page","status-publish","hentry"],"_links":{"self":[{"href":"https:\/\/musavida.com\/pecheurs\/wp-json\/wp\/v2\/pages\/152","targetHints":{"allow":["GET"]}}],"collection":[{"href":"https:\/\/musavida.com\/pecheurs\/wp-json\/wp\/v2\/pages"}],"about":[{"href":"https:\/\/musavida.com\/pecheurs\/wp-json\/wp\/v2\/types\/page"}],"author":[{"embeddable":true,"href":"https:\/\/musavida.com\/pecheurs\/wp-json\/wp\/v2\/users\/1"}],"replies":[{"embeddable":true,"href":"https:\/\/musavida.com\/pecheurs\/wp-json\/wp\/v2\/comments?post=152"}],"version-history":[{"count":4,"href":"https:\/\/musavida.com\/pecheurs\/wp-json\/wp\/v2\/pages\/152\/revisions"}],"predecessor-version":[{"id":692,"href":"https:\/\/musavida.com\/pecheurs\/wp-json\/wp\/v2\/pages\/152\/revisions\/692"}],"wp:attachment":[{"href":"https:\/\/musavida.com\/pecheurs\/wp-json\/wp\/v2\/media?parent=152"}],"curies":[{"name":"wp","href":"https:\/\/api.w.org\/{rel}","templated":true}]}}