{"id":144,"date":"2021-06-05T21:04:18","date_gmt":"2021-06-05T21:04:18","guid":{"rendered":"http:\/\/musavida.com\/pecheurs\/?page_id=144"},"modified":"2025-03-24T15:45:29","modified_gmt":"2025-03-24T15:45:29","slug":"musicians","status":"publish","type":"page","link":"https:\/\/musavida.com\/pecheurs\/en\/musicians\/","title":{"rendered":"Musicians"},"content":{"rendered":"\n<div class=\"wp-block-media-text alignwide has-media-on-the-right is-stacked-on-mobile\" style=\"grid-template-columns:auto 32%\"><div class=\"wp-block-media-text__content\">\n<h2 class=\"wp-block-heading\">Mohamed Alnuma<\/h2>\n\n\n\n<p>Voice and oud<br>He left Irak at the age of 17.<br>In Europe, he studied jazz guitar before he discovered his roots, the music of the pearl gatherers (in Frenc p\u00eacheurs de perles) of the Persian Gulf. So he devoted himself to the practice of the oud and traditional singing. In 1997, he founded the ensemble P\u00eacheurs de Perles.<br>He interprets traditional songs as well as his own compositions, with the gathering and dialogue of the East and the West as a governing idea.&nbsp;<br><a href=\"https:\/\/soundsofsociety.in\/release\/mohamed-alnuma\/\" target=\"_blank\" rel=\"noreferrer noopener\">https:\/\/soundsofsociety.in\/release\/mohamed-alnuma\/<\/a><\/p>\n<\/div><figure class=\"wp-block-media-text__media\"><img decoding=\"async\" src=\"http:\/\/musavida.com\/pecheurs\/wp-content\/uploads\/Mohamed-Alnuma-portrait-Barcelona.jpg\" alt=\"\" class=\"wp-image-127 size-full\"\/><\/figure><\/div>\n\n\n\n<div class=\"wp-block-media-text alignwide has-media-on-the-right is-stacked-on-mobile\" style=\"grid-template-columns:auto 32%\"><div class=\"wp-block-media-text__content\">\n<h2 class=\"wp-block-heading\">Olivier Milchberg<\/h2>\n\n\n\n<p>Bouzouki, ney, Bansouri flute (India), \u00e7\u00fcmb\u00fcs ( Turkish banjo), jura (Turkish saz)<br>He was born in France, of Jewish and Argentinian origin. After a long itinerary throughout the traditional music styles of various countries, as musician and producer, he has taken on a passion for Turkish and Middle-Eastern music.&nbsp;<br>He joined P\u00eacheurs de Perles in 1999 as a musician and arranger.<br>His projects put the artistic and human aspects on the same level: \u00ab music is a language that crosses borders, whether physical, social or religious. \u00bb&nbsp;<br><a rel=\"noreferrer noopener\" href=\"http:\/\/www.olimilch.com\" target=\"_blank\">www.olimilch.com<\/a><\/p>\n<\/div><figure class=\"wp-block-media-text__media\"><img decoding=\"async\" src=\"http:\/\/musavida.com\/pecheurs\/wp-content\/uploads\/Olivier-portrait-Correns.jpg\" alt=\"\" class=\"wp-image-129 size-full\"\/><\/figure><\/div>\n\n\n\n<div class=\"wp-block-media-text alignwide has-media-on-the-right is-stacked-on-mobile\" style=\"grid-template-columns:auto 32%\"><div class=\"wp-block-media-text__content\">\n<h2 class=\"wp-block-heading\">Mathias Autexier<\/h2>\n\n\n\n<p>Percussion<br>He was born and lives in the Alps of Haute Provence. He first learned the zarb (Iranian drum) with Keyvan and Djamchid Chemirani, in the traditional, non-written fashion. He then adapted the fingering technique of the zarb to the darbuka and other percussion instruments.\u00a0<br>He has a passion for oriental percussion and devotes himself to the practice of the various Turkish, Greek, Maghrebian and Persian drums, drawing from their identities to develop his own musical phrasing.\u00a0<br><a href=\"http:\/\/www.bissaporchestra.com\/\" data-type=\"link\" data-id=\"http:\/\/www.bissaporchestra.com\/\">Bissap<\/a><\/p>\n<\/div><figure class=\"wp-block-media-text__media\"><img decoding=\"async\" src=\"http:\/\/musavida.com\/pecheurs\/wp-content\/uploads\/Mathias-Autexier-Bath-2006-2-1024x864.jpg\" alt=\"\" class=\"wp-image-134 size-full\"\/><\/figure><\/div>\n\n\n\n<div class=\"wp-block-media-text alignwide has-media-on-the-right is-stacked-on-mobile\" style=\"grid-template-columns:auto 32%\"><div class=\"wp-block-media-text__content\">\n<h2 class=\"wp-block-heading\">Catherine Roy<\/h2>\n\n\n\n<p>Accordion<br>She followed a classical piano training for ten years at Nancy\u2019s music school before taking an interest for traditional music, where she found more freedom and spontaneity. She then naturally turned towards Klezmer music and the chromatic accordion, and from then on to the traditional music and dance of Eastern countries. This is where she met Mohamed Alnuma, who gave her the \u00ab P\u00eacheurs de Perles\u00bb spirit: the meeting of the East and the West, of Jewish and Arab traditions, of masculine and feminine.<\/p>\n<\/div><figure class=\"wp-block-media-text__media\"><img decoding=\"async\" src=\"http:\/\/musavida.com\/pecheurs\/wp-content\/uploads\/Catherine-Roy-portrait-barcelona.jpg\" alt=\"\" class=\"wp-image-137 size-full\"\/><\/figure><\/div>\n\n\n\n<h2 class=\"wp-block-heading\">Guests<\/h2>\n\n\n\n<div class=\"wp-block-media-text has-media-on-the-right is-stacked-on-mobile\" style=\"grid-template-columns:auto 33%\"><div class=\"wp-block-media-text__content\">\n<h3 class=\"wp-block-heading\">Christian Zagaria<\/h3>\n\n\n\n<p>Quinton violin, arrangements &#8211; Madad Album<\/p>\n<\/div><figure class=\"wp-block-media-text__media\"><img decoding=\"async\" src=\"http:\/\/musavida.com\/pecheurs\/wp-content\/uploads\/Pecheurs-Zagaria.jpg\" alt=\"\" class=\"wp-image-251 size-full\"\/><\/figure><\/div>\n\n\n\n<div class=\"wp-block-media-text has-media-on-the-right is-stacked-on-mobile\" style=\"grid-template-columns:auto 33%\"><div class=\"wp-block-media-text__content\">\n<h3 class=\"wp-block-heading\">Moneim Adwan<\/h3>\n\n\n\n<p>Voice, oud &#8211; Motayem Album<\/p>\n<\/div><figure class=\"wp-block-media-text__media\"><img decoding=\"async\" src=\"http:\/\/musavida.com\/pecheurs\/wp-content\/uploads\/Pecheurs-Moneim-Adwan.jpg\" alt=\"\" class=\"wp-image-250 size-full\"\/><\/figure><\/div>\n\n\n\n<div class=\"wp-block-media-text has-media-on-the-right is-stacked-on-mobile\" style=\"grid-template-columns:auto 33%\"><div class=\"wp-block-media-text__content\">\n<h3 class=\"wp-block-heading\">Zhubin Kalhor<\/h3>\n\n\n\n<p>Kamanch\u00e9, percussion &#8211; Motayem, Wahed Album<\/p>\n<\/div><figure class=\"wp-block-media-text__media\"><img decoding=\"async\" src=\"http:\/\/musavida.com\/pecheurs\/wp-content\/uploads\/Pecheurs-Kalhor.jpg\" alt=\"\" class=\"wp-image-249 size-full\"\/><\/figure><\/div>\n\n\n\n<div class=\"wp-block-media-text has-media-on-the-right is-stacked-on-mobile\" style=\"grid-template-columns:auto 33%\"><div class=\"wp-block-media-text__content\">\n<h3 class=\"wp-block-heading\">Bijan Chemirani<\/h3>\n\n\n\n<p>Percussion &#8211; Motayem Album<\/p>\n<\/div><figure class=\"wp-block-media-text__media\"><img decoding=\"async\" src=\"http:\/\/musavida.com\/pecheurs\/wp-content\/uploads\/Bijan-Chemirani.jpg\" alt=\"\" class=\"wp-image-255 size-full\"\/><\/figure><\/div>\n\n\n\n<div class=\"wp-block-media-text has-media-on-the-right is-stacked-on-mobile\" style=\"grid-template-columns:auto 33%\" id=\"atlan\"><div class=\"wp-block-media-text__content\">\n<h3 class=\"wp-block-heading\">Pascal Tellier<\/h3>\n\n\n\n<p>Bass &#8211; Wahed Album<\/p>\n<\/div><figure class=\"wp-block-media-text__media\"><img decoding=\"async\" src=\"http:\/\/musavida.com\/pecheurs\/wp-content\/uploads\/Pecheurs-Tellier.jpg\" alt=\"\" class=\"wp-image-248 size-full\"\/><\/figure><\/div>\n\n\n\n<div class=\"wp-block-media-text has-media-on-the-right is-stacked-on-mobile\" style=\"grid-template-columns:auto 33%\"><div class=\"wp-block-media-text__content\">\n<h3 class=\"wp-block-heading\">Herbert Koschmeider<\/h3>\n\n\n\n<p>Sax &#8211; Motayem, Wahed Albums<\/p>\n<\/div><figure class=\"wp-block-media-text__media\"><img decoding=\"async\" src=\"http:\/\/musavida.com\/pecheurs\/wp-content\/uploads\/Pecheurs-Istanbul.jpg\" alt=\"\" class=\"wp-image-257 size-full\"\/><\/figure><\/div>\n\n\n\n<div class=\"wp-block-media-text has-media-on-the-right is-stacked-on-mobile\" style=\"grid-template-columns:auto 33%\"><div class=\"wp-block-media-text__content\">\n<h3 class=\"wp-block-heading\">Fran\u00e7oise Atlan<\/h3>\n\n\n\n<p>Voice &#8211; Nawah Album<\/p>\n<\/div><figure class=\"wp-block-media-text__media\"><img decoding=\"async\" src=\"http:\/\/musavida.com\/pecheurs\/wp-content\/uploads\/Pecheurs-Atlan.jpg\" alt=\"\" class=\"wp-image-246 size-full\"\/><\/figure><\/div>\n","protected":false},"excerpt":{"rendered":"<p>Mohamed Alnuma Voice and oudHe left Irak at the age of 17.In Europe, he studied jazz guitar before he discovered [&hellip;]<\/p>\n","protected":false},"author":1,"featured_media":0,"parent":0,"menu_order":0,"comment_status":"closed","ping_status":"closed","template":"","meta":{"site-sidebar-layout":"default","site-content-layout":"default","ast-site-content-layout":"default","site-content-style":"default","site-sidebar-style":"default","ast-global-header-display":"","ast-banner-title-visibility":"","ast-main-header-display":"","ast-hfb-above-header-display":"","ast-hfb-below-header-display":"","ast-hfb-mobile-header-display":"","site-post-title":"disabled","ast-breadcrumbs-content":"","ast-featured-img":"","footer-sml-layout":"","ast-disable-related-posts":"","theme-transparent-header-meta":"default","adv-header-id-meta":"","stick-header-meta":"","header-above-stick-meta":"","header-main-stick-meta":"","header-below-stick-meta":"","astra-migrate-meta-layouts":"default","ast-page-background-enabled":"default","ast-page-background-meta":{"desktop":{"background-color":"var(--ast-global-color-4)","background-image":"","background-repeat":"repeat","background-position":"center center","background-size":"auto","background-attachment":"scroll","background-type":"","background-media":"","overlay-type":"","overlay-color":"","overlay-opacity":"","overlay-gradient":""},"tablet":{"background-color":"","background-image":"","background-repeat":"repeat","background-position":"center center","background-size":"auto","background-attachment":"scroll","background-type":"","background-media":"","overlay-type":"","overlay-color":"","overlay-opacity":"","overlay-gradient":""},"mobile":{"background-color":"","background-image":"","background-repeat":"repeat","background-position":"center center","background-size":"auto","background-attachment":"scroll","background-type":"","background-media":"","overlay-type":"","overlay-color":"","overlay-opacity":"","overlay-gradient":""}},"ast-content-background-meta":{"desktop":{"background-color":"var(--ast-global-color-5)","background-image":"","background-repeat":"repeat","background-position":"center center","background-size":"auto","background-attachment":"scroll","background-type":"","background-media":"","overlay-type":"","overlay-color":"","overlay-opacity":"","overlay-gradient":""},"tablet":{"background-color":"var(--ast-global-color-5)","background-image":"","background-repeat":"repeat","background-position":"center center","background-size":"auto","background-attachment":"scroll","background-type":"","background-media":"","overlay-type":"","overlay-color":"","overlay-opacity":"","overlay-gradient":""},"mobile":{"background-color":"var(--ast-global-color-5)","background-image":"","background-repeat":"repeat","background-position":"center center","background-size":"auto","background-attachment":"scroll","background-type":"","background-media":"","overlay-type":"","overlay-color":"","overlay-opacity":"","overlay-gradient":""}},"footnotes":""},"class_list":["post-144","page","type-page","status-publish","hentry"],"_links":{"self":[{"href":"https:\/\/musavida.com\/pecheurs\/wp-json\/wp\/v2\/pages\/144","targetHints":{"allow":["GET"]}}],"collection":[{"href":"https:\/\/musavida.com\/pecheurs\/wp-json\/wp\/v2\/pages"}],"about":[{"href":"https:\/\/musavida.com\/pecheurs\/wp-json\/wp\/v2\/types\/page"}],"author":[{"embeddable":true,"href":"https:\/\/musavida.com\/pecheurs\/wp-json\/wp\/v2\/users\/1"}],"replies":[{"embeddable":true,"href":"https:\/\/musavida.com\/pecheurs\/wp-json\/wp\/v2\/comments?post=144"}],"version-history":[{"count":4,"href":"https:\/\/musavida.com\/pecheurs\/wp-json\/wp\/v2\/pages\/144\/revisions"}],"predecessor-version":[{"id":691,"href":"https:\/\/musavida.com\/pecheurs\/wp-json\/wp\/v2\/pages\/144\/revisions\/691"}],"wp:attachment":[{"href":"https:\/\/musavida.com\/pecheurs\/wp-json\/wp\/v2\/media?parent=144"}],"curies":[{"name":"wp","href":"https:\/\/api.w.org\/{rel}","templated":true}]}}