{"id":10,"date":"2021-06-03T14:00:04","date_gmt":"2021-06-03T14:00:04","guid":{"rendered":"http:\/\/musavida.com\/pecheurs\/?page_id=9"},"modified":"2024-02-12T08:35:17","modified_gmt":"2024-02-12T08:35:17","slug":"influences","status":"publish","type":"page","link":"https:\/\/musavida.com\/pecheurs\/fr\/","title":{"rendered":"Influences"},"content":{"rendered":"\n<div class=\"wp-block-media-text alignwide has-media-on-the-right is-stacked-on-mobile\"><div class=\"wp-block-media-text__content\">\n<p>Le groupe&nbsp;<strong>P\u00eacheurs de Perles<\/strong>&nbsp;a choisi ce nom pour \u00e9voquer l&#8217;origine de son inspiration. Il s&#8217;attache surtout \u00e0 la symbolique du nom : ramener des perles d&#8217;orient. Depuis toujours les musiques du Golfe Persique musiques de bord de mer, s&#8217;enrichissent de multiples influences. De la M\u00e9diterran\u00e9e jusqu&#8217;aux portes de l&#8217;Inde, reconna\u00eetre les sp\u00e9cificit\u00e9s de chaque tradition musicale, puiser de mani\u00e8re coh\u00e9rente et consciente dans chacune d&#8217;elle, telle est la d\u00e9marche entreprise par le groupe.<\/p>\n<\/div><figure class=\"wp-block-media-text__media\"><a href=\"http:\/\/musavida.com\/pecheurs\/fr\/musiciens\/\"><img decoding=\"async\" src=\"http:\/\/musavida.com\/pecheurs\/wp-content\/uploads\/PhotoPecheurs2004-1024x768.jpg\" alt=\"\" class=\"wp-image-126 size-full\"\/><\/a><\/figure><\/div>\n\n\n\n<div class=\"wp-block-media-text alignwide has-media-on-the-right is-stacked-on-mobile\" style=\"grid-template-columns:auto 29%\"><div class=\"wp-block-media-text__content\">\n<h3 class=\"wp-block-heading\"><strong>Origines<\/strong><\/h3>\n\n\n\n<p>La p\u00eache de la perle s&#8217;est pratiqu\u00e9e depuis l&#8217;antiquit\u00e9 sur le pourtour du golfe Persique (\u00eele de Bahre\u00efn, Iran, Irak, Y\u00e9men). Autour de cette activit\u00e9 s&#8217;est forg\u00e9e une culture propre aux p\u00eacheurs, o\u00f9 la musique avait un r\u00f4le pr\u00e9pond\u00e9rant : sur les bateaux embarquaient c\u00f4te \u00e0 c\u00f4te p\u00eacheurs et musiciens, ces derniers ayant pour t\u00e2che de soutenir et rythmer toutes les \u00e9tapes du travail en mer.La p\u00eache de la perle a cess\u00e9, mais la musique a surv\u00e9cu. Elle reste une tradition vivante encore actuellement. La musique des p\u00eacheurs de perles a fait l&#8217;objet de plusieurs \u00e9tudes par des ethnomusicologues, (dont Simon Jargy dans &#8221; La musique Arabe &#8221; ed. Que sais-je), elle est reconnue comme un patrimoine culturel important dans cette r\u00e9gion.<\/p>\n<\/div><figure class=\"wp-block-media-text__media\"><a href=\"http:\/\/musavida.com\/pecheurs\/fr\/musiciens\/\"><img loading=\"lazy\" decoding=\"async\" width=\"300\" height=\"249\" src=\"https:\/\/musavida.com\/pecheurs\/wp-content\/uploads\/pearl-divers-chants-300x249.jpg\" alt=\"\" class=\"wp-image-505 size-medium\" srcset=\"https:\/\/musavida.com\/pecheurs\/wp-content\/uploads\/pearl-divers-chants-300x249.jpg 300w, https:\/\/musavida.com\/pecheurs\/wp-content\/uploads\/pearl-divers-chants-1024x850.jpg 1024w, https:\/\/musavida.com\/pecheurs\/wp-content\/uploads\/pearl-divers-chants-768x637.jpg 768w, https:\/\/musavida.com\/pecheurs\/wp-content\/uploads\/pearl-divers-chants-1536x1275.jpg 1536w, https:\/\/musavida.com\/pecheurs\/wp-content\/uploads\/pearl-divers-chants.jpg 1692w\" sizes=\"auto, (max-width: 300px) 100vw, 300px\" \/><\/a><\/figure><\/div>\n\n\n\n<div class=\"wp-block-media-text alignwide has-media-on-the-right is-stacked-on-mobile\" style=\"grid-template-columns:auto 29%\"><div class=\"wp-block-media-text__content\">\n<h3 class=\"wp-block-heading\"><strong>Cr\u00e9ation<\/strong><\/h3>\n\n\n\n<p>L&#8217;objectif de P\u00eacheurs de Perles n&#8217;est pas de rejouer des airs traditionnels dans la pure tradition, mais d&#8217;enrichir ce patrimoine, en exprimant leurs propres sentiments. Ils suivent leur expression propre, \u00e0 partir des compositions de Mohamed Alnama, fondateur du groupe. C&#8217;est un vrai travail de cr\u00e9ation qui d\u00e9coule de leurs recherches et connaissances, et de l&#8217;apport des exp\u00e9riences et bagages de chacun.<br>Ils r\u00e9inventent leurs racines.<\/p>\n<\/div><figure class=\"wp-block-media-text__media\"><a href=\"http:\/\/musavida.com\/pecheurs\/fr\/musiciens\/\"><img loading=\"lazy\" decoding=\"async\" width=\"300\" height=\"225\" src=\"https:\/\/musavida.com\/pecheurs\/wp-content\/uploads\/Pecheurs-creation-300x225.jpg\" alt=\"\" class=\"wp-image-506 size-medium\" srcset=\"https:\/\/musavida.com\/pecheurs\/wp-content\/uploads\/Pecheurs-creation-300x225.jpg 300w, https:\/\/musavida.com\/pecheurs\/wp-content\/uploads\/Pecheurs-creation-768x576.jpg 768w, https:\/\/musavida.com\/pecheurs\/wp-content\/uploads\/Pecheurs-creation.jpg 1024w\" sizes=\"auto, (max-width: 300px) 100vw, 300px\" \/><\/a><\/figure><\/div>\n\n\n\n<div class=\"wp-block-media-text alignwide has-media-on-the-right is-stacked-on-mobile\" style=\"grid-template-columns:auto 29%\"><div class=\"wp-block-media-text__content\">\n<h3 class=\"wp-block-heading\"><strong>Rencontre<\/strong><\/h3>\n\n\n\n<p>La d\u00e9marche du groupe part d&#8217;une vraie rencontre humaine. C&#8217;est une d\u00e9marche intuitive. De cette rencontre de personnes na\u00eet le d\u00e9sir d&#8217;une rencontre plus large, de cultures et de peuples..<br>Cr\u00e9er un pont entre orient et occident, un moyen de transmettre id\u00e9es et sentiments d&#8217;une culture \u00e0 une autre. La musique v\u00e9hicule des \u00e9motions mais aussi des messages.Les textes des chansons proviennent principalement du po\u00e8te Soufi Al &#8211; Hallaj (857 &#8211; 922), Ils donnent un sens qui colore et anime l&#8217;interpr\u00e9tation des musiciens du groupe et les unit dans une intention commune.<\/p>\n<\/div><figure class=\"wp-block-media-text__media\"><a href=\"http:\/\/musavida.com\/pecheurs\/fr\/musiciens\/\"><img loading=\"lazy\" decoding=\"async\" width=\"300\" height=\"285\" src=\"https:\/\/musavida.com\/pecheurs\/wp-content\/uploads\/Pecheurs-rencontre-300x285.jpg\" alt=\"\" class=\"wp-image-508 size-medium\" srcset=\"https:\/\/musavida.com\/pecheurs\/wp-content\/uploads\/Pecheurs-rencontre-300x285.jpg 300w, https:\/\/musavida.com\/pecheurs\/wp-content\/uploads\/Pecheurs-rencontre-1024x973.jpg 1024w, https:\/\/musavida.com\/pecheurs\/wp-content\/uploads\/Pecheurs-rencontre-768x730.jpg 768w, https:\/\/musavida.com\/pecheurs\/wp-content\/uploads\/Pecheurs-rencontre.jpg 1500w\" sizes=\"auto, (max-width: 300px) 100vw, 300px\" \/><\/a><\/figure><\/div>\n\n\n\n<p><\/p>\n","protected":false},"excerpt":{"rendered":"<p>Le groupe&nbsp;P\u00eacheurs de Perles&nbsp;a choisi ce nom pour \u00e9voquer l&#8217;origine de son inspiration. Il s&#8217;attache surtout \u00e0 la symbolique du [&hellip;]<\/p>\n","protected":false},"author":1,"featured_media":0,"parent":0,"menu_order":0,"comment_status":"closed","ping_status":"closed","template":"","meta":{"site-sidebar-layout":"default","site-content-layout":"default","ast-site-content-layout":"default","site-content-style":"default","site-sidebar-style":"default","ast-global-header-display":"","ast-banner-title-visibility":"","ast-main-header-display":"","ast-hfb-above-header-display":"","ast-hfb-below-header-display":"","ast-hfb-mobile-header-display":"","site-post-title":"disabled","ast-breadcrumbs-content":"","ast-featured-img":"","footer-sml-layout":"","ast-disable-related-posts":"","theme-transparent-header-meta":"default","adv-header-id-meta":"","stick-header-meta":"","header-above-stick-meta":"","header-main-stick-meta":"","header-below-stick-meta":"","astra-migrate-meta-layouts":"default","ast-page-background-enabled":"default","ast-page-background-meta":{"desktop":{"background-color":"var(--ast-global-color-4)","background-image":"","background-repeat":"repeat","background-position":"center center","background-size":"auto","background-attachment":"scroll","background-type":"","background-media":"","overlay-type":"","overlay-color":"","overlay-opacity":"","overlay-gradient":""},"tablet":{"background-color":"","background-image":"","background-repeat":"repeat","background-position":"center center","background-size":"auto","background-attachment":"scroll","background-type":"","background-media":"","overlay-type":"","overlay-color":"","overlay-opacity":"","overlay-gradient":""},"mobile":{"background-color":"","background-image":"","background-repeat":"repeat","background-position":"center center","background-size":"auto","background-attachment":"scroll","background-type":"","background-media":"","overlay-type":"","overlay-color":"","overlay-opacity":"","overlay-gradient":""}},"ast-content-background-meta":{"desktop":{"background-color":"var(--ast-global-color-5)","background-image":"","background-repeat":"repeat","background-position":"center center","background-size":"auto","background-attachment":"scroll","background-type":"","background-media":"","overlay-type":"","overlay-color":"","overlay-opacity":"","overlay-gradient":""},"tablet":{"background-color":"var(--ast-global-color-5)","background-image":"","background-repeat":"repeat","background-position":"center center","background-size":"auto","background-attachment":"scroll","background-type":"","background-media":"","overlay-type":"","overlay-color":"","overlay-opacity":"","overlay-gradient":""},"mobile":{"background-color":"var(--ast-global-color-5)","background-image":"","background-repeat":"repeat","background-position":"center center","background-size":"auto","background-attachment":"scroll","background-type":"","background-media":"","overlay-type":"","overlay-color":"","overlay-opacity":"","overlay-gradient":""}},"footnotes":""},"class_list":["post-10","page","type-page","status-publish","hentry"],"_links":{"self":[{"href":"https:\/\/musavida.com\/pecheurs\/wp-json\/wp\/v2\/pages\/10","targetHints":{"allow":["GET"]}}],"collection":[{"href":"https:\/\/musavida.com\/pecheurs\/wp-json\/wp\/v2\/pages"}],"about":[{"href":"https:\/\/musavida.com\/pecheurs\/wp-json\/wp\/v2\/types\/page"}],"author":[{"embeddable":true,"href":"https:\/\/musavida.com\/pecheurs\/wp-json\/wp\/v2\/users\/1"}],"replies":[{"embeddable":true,"href":"https:\/\/musavida.com\/pecheurs\/wp-json\/wp\/v2\/comments?post=10"}],"version-history":[{"count":2,"href":"https:\/\/musavida.com\/pecheurs\/wp-json\/wp\/v2\/pages\/10\/revisions"}],"predecessor-version":[{"id":630,"href":"https:\/\/musavida.com\/pecheurs\/wp-json\/wp\/v2\/pages\/10\/revisions\/630"}],"wp:attachment":[{"href":"https:\/\/musavida.com\/pecheurs\/wp-json\/wp\/v2\/media?parent=10"}],"curies":[{"name":"wp","href":"https:\/\/api.w.org\/{rel}","templated":true}]}}